{"id":458,"date":"2019-08-30T12:10:33","date_gmt":"2019-08-30T12:10:33","guid":{"rendered":"http:\/\/www.www.reseausantene.ca\/repertoire\/?page_id=458"},"modified":"2019-11-07T16:18:43","modified_gmt":"2019-11-07T16:18:43","slug":"referez","status":"publish","type":"page","link":"https:\/\/reseausantene.ca\/repertoire\/referez\/","title":{"rendered":""},"content":{"rendered":"\r\n<h2 class=\"wp-block-heading\">R\u00e9f\u00e9rez-nous un ou une professionnel(le) de la sant\u00e9 \/ Refer a health professional<\/h2>\r\n\r\n\r\n\r\n<p>Veuillez remplir et soumettre le formulaire ci-dessous pour nous r\u00e9f\u00e9rer un ou une professionnel(le) de la sant\u00e9 en Nouvelle-\u00c9cosse qui parle fran\u00e7ais. Notez que les soumissions seront v\u00e9rifi\u00e9es par le R\u00e9seau Sant\u00e9 avant d&rsquo;\u00eatre publi\u00e9es dans le r\u00e9pertoire. Si vous \u00eates professionnel de la sant\u00e9, vous pouvez remplir le formulaire d&rsquo;inscription au r\u00e9pertoire <a href=\"https:\/\/reseausantene.ca\/repertoire\/inscription\/\">ici<\/a>.\u00a0<\/p>\r\n\r\n\r\n\r\n<p><em>Please fill out and submit the form below to refer a health professional in Nova Scotia who speaks French to us. Note that submissions will be checked by R\u00e9seau Sant\u00e9 before being published in the directory. If you are a health care professional, you can fill out the sign up form for the directory <a href=\"https:\/\/reseausantene.ca\/repertoire\/inscription\/\">here<\/a>.\u00a0<\/em><\/p>\r\n\r\n\r\n\n<div class=\"wpcf7 no-js\" id=\"wpcf7-f457-o1\" lang=\"fr-CA\" dir=\"ltr\" data-wpcf7-id=\"457\">\n<div class=\"screen-reader-response\"><p role=\"status\" aria-live=\"polite\" aria-atomic=\"true\"><\/p> <ul><\/ul><\/div>\n<form action=\"\/repertoire\/wp-json\/wp\/v2\/pages\/458#wpcf7-f457-o1\" method=\"post\" class=\"wpcf7-form init\" aria-label=\"Contact form\" novalidate=\"novalidate\" data-status=\"init\">\n<fieldset class=\"hidden-fields-container\"><input type=\"hidden\" name=\"_wpcf7\" value=\"457\" \/><input type=\"hidden\" name=\"_wpcf7_version\" value=\"6.1.4\" \/><input type=\"hidden\" name=\"_wpcf7_locale\" value=\"fr_CA\" \/><input type=\"hidden\" name=\"_wpcf7_unit_tag\" value=\"wpcf7-f457-o1\" \/><input type=\"hidden\" name=\"_wpcf7_container_post\" value=\"0\" \/><input type=\"hidden\" name=\"_wpcf7_posted_data_hash\" value=\"\" \/>\n<\/fieldset>\n<p>*champs requis \/\u00a0required fields\n<\/p>\n<p><label> Votre nom \/ Your name*<br \/>\n<span class=\"wpcf7-form-control-wrap\" data-name=\"your-name\"><input size=\"40\" maxlength=\"400\" class=\"wpcf7-form-control wpcf7-text wpcf7-validates-as-required\" aria-required=\"true\" aria-invalid=\"false\" value=\"\" type=\"text\" name=\"your-name\" \/><\/span> <\/label>\n<\/p>\n<p><label> Votre courriel \/ Your email*<br \/>\n<span class=\"wpcf7-form-control-wrap\" data-name=\"your-email\"><input size=\"40\" maxlength=\"400\" class=\"wpcf7-form-control wpcf7-email wpcf7-validates-as-required wpcf7-text wpcf7-validates-as-email\" aria-required=\"true\" aria-invalid=\"false\" value=\"\" type=\"email\" name=\"your-email\" \/><\/span> <\/label>\n<\/p>\n<p><strong>Informations sur le professionnel ou la professionnelle de la sant\u00e9 \/ Information about the health care professional :<\/strong>\n<\/p>\n<p><label> Nom de professionnel ou \u00e9tablissement de sant\u00e9 \/ Name of health professional or provider*<br \/>\n<span class=\"wpcf7-form-control-wrap\" data-name=\"nom\"><input size=\"40\" maxlength=\"400\" class=\"wpcf7-form-control wpcf7-text wpcf7-validates-as-required\" aria-required=\"true\" aria-invalid=\"false\" value=\"\" type=\"text\" name=\"nom\" \/><\/span> <\/label>\n<\/p>\n<p><label> Profession ou sp\u00e9cialit\u00e9 \/ Profession or speciality<br \/>\n<span class=\"wpcf7-form-control-wrap\" data-name=\"profession-990\"><select class=\"wpcf7-form-control wpcf7-select\" aria-invalid=\"false\" name=\"profession-990\"><option value=\"\">&#8212;Please choose an option&#8212;<\/option><option value=\"Acupuncteurs \/ Acupuncturists\">Acupuncteurs \/ Acupuncturists<\/option><option value=\"Aides en soins continus \/ Continuing Care Assistants\">Aides en soins continus \/ Continuing Care Assistants<\/option><option value=\"Aides en soins de domicile \/ Home Care Assistants\">Aides en soins de domicile \/ Home Care Assistants<\/option><option value=\"Aides en soins de sant\u00e9 \/ Health Care Assistants\">Aides en soins de sant\u00e9 \/ Health Care Assistants<\/option><option value=\"Assistants dentaires \/ Dental Assistants\">Assistants dentaires \/ Dental Assistants<\/option><option value=\"Audiologistes \/ Audiologists\">Audiologistes \/ Audiologists<\/option><option value=\"Autres professions m\u00e9dicales \/ Other Medical Professions\">Autres professions m\u00e9dicales \/ Other Medical Professions<\/option><option value=\"Autres professions non m\u00e9dicales \/ Other Non-medical Professions\">Autres professions non m\u00e9dicales \/ Other Non-medical Professions<\/option><option value=\"Autres professions para-m\u00e9dicales \/ Other Paramedical Professions\">Autres professions para-m\u00e9dicales \/ Other Paramedical Professions<\/option><option value=\"B\u00e9n\u00e9voles \/ Volunteers\">B\u00e9n\u00e9voles \/ Volunteers<\/option><option value=\"Chercheurs \/ Researchers\">Chercheurs \/ Researchers<\/option><option value=\"Chiropraticiens \/ Chiropractor\">Chiropraticiens \/ Chiropractor<\/option><option value=\"Consultants \/ Consultants\">Consultants \/ Consultants<\/option><option value=\"Dentistes \/ Dentists\">Dentistes \/ Dentists<\/option><option value=\"Denturologistes \/ Denturists\">Denturologistes \/ Denturists<\/option><option value=\"Di\u00e9t\u00e9tistes et nutritionnistes \/ Dieticians and Nutritionists\">Di\u00e9t\u00e9tistes et nutritionnistes \/ Dieticians and Nutritionists<\/option><option value=\"Gestionnaires et administrateurs \/ Managers and Administrators\">Gestionnaires et administrateurs \/ Managers and Administrators<\/option><option value=\"Hygi\u00e9nistes dentaires \/ Dental hygienists\">Hygi\u00e9nistes dentaires \/ Dental hygienists<\/option><option value=\"Infirmi\u00e8res psychiatriques autoris\u00e9es \/ Registered Psychiatric Nurses\">Infirmi\u00e8res psychiatriques autoris\u00e9es \/ Registered Psychiatric Nurses<\/option><option value=\"Massoth\u00e9rapeutes \/ Massage Therapists\">Massoth\u00e9rapeutes \/ Massage Therapists<\/option><option value=\"M\u00e9decins \/ Medical Doctors\">M\u00e9decins \/ Medical Doctors<\/option><option value=\"M\u00e9decins de famille et m\u00e9decins g\u00e9n\u00e9ralistes \/ Family Doctors and General Practitioners\">M\u00e9decins de famille et m\u00e9decins g\u00e9n\u00e9ralistes \/ Family Doctors and General Practitioners<\/option><option value=\"M\u00e9decins sp\u00e9cialistes \/ Specialist Doctors\">M\u00e9decins sp\u00e9cialistes \/ Specialist Doctors<\/option><option value=\"Naturopathes \/ Naturopaths\">Naturopathes \/ Naturopaths<\/option><option value=\"Opticiens \/ Opticians\">Opticiens \/ Opticians<\/option><option value=\"Optom\u00e9tristes \/ Optometrists\">Optom\u00e9tristes \/ Optometrists<\/option><option value=\"Orthophonistes \/ Speech Language Pathologists\">Orthophonistes \/ Speech Language Pathologists<\/option><option value=\"Ost\u00e9opathes \/ Osteopath\">Ost\u00e9opathes \/ Osteopath<\/option><option value=\"Parodontistes \/ Periodontists\">Parodontistes \/ Periodontists<\/option><option value=\"Personnel infirmier autoris\u00e9 \/ Registered Nurses\">Personnel infirmier autoris\u00e9 \/ Registered Nurses<\/option><option value=\"Personnel infirmier auxiliaire autoris\u00e9 \/ Licensed Practical Nurse\">Personnel infirmier auxiliaire autoris\u00e9 \/ Licensed Practical Nurse<\/option><option value=\"Pharmaciens \/ Pharmacists\">Pharmaciens \/ Pharmacists<\/option><option value=\"Physioth\u00e9rapeutes \/ Physiotherapists\">Physioth\u00e9rapeutes \/ Physiotherapists<\/option><option value=\"Podiatres \/ Podiatrists\">Podiatres \/ Podiatrists<\/option><option value=\"Professeurs \/ Professors\">Professeurs \/ Professors<\/option><option value=\"Professions non-m\u00e9dicales \/ Non-medical Professions\">Professions non-m\u00e9dicales \/ Non-medical Professions<\/option><option value=\"Professions param\u00e9dicales \/ Paramedical Professions\">Professions param\u00e9dicales \/ Paramedical Professions<\/option><option value=\"Psychiatres \/ Psychiatrists\">Psychiatres \/ Psychiatrists<\/option><option value=\"Psychologues \/ Psychologists\">Psychologues \/ Psychologists<\/option><option value=\"Ressources humaines \/ Human Resources\">Ressources humaines \/ Human Resources<\/option><option value=\"Sages femmes \/ Midwives\">Sages femmes \/ Midwives<\/option><option value=\"Soutien professionnel ou administratif \/ Professional or Administrative Support\">Soutien professionnel ou administratif \/ Professional or Administrative Support<\/option><option value=\"Technologistes de laboratoire m\u00e9dical \/ Medical Laboratory Technologists\">Technologistes de laboratoire m\u00e9dical \/ Medical Laboratory Technologists<\/option><option value=\"Th\u00e9rapeutes en loisirs \/ Recreation Therapists\">Th\u00e9rapeutes en loisirs \/ Recreation Therapists<\/option><option value=\"Th\u00e9rapeutes respiratoires \/ Respiratory Therapists\">Th\u00e9rapeutes respiratoires \/ Respiratory Therapists<\/option><option value=\"Travailleurs sociaux \/ Social Workers\">Travailleurs sociaux \/ Social Workers<\/option><\/select><\/span><\/label>\n<\/p>\n<p><label> Adresse \/ Address<br \/>\n<span class=\"wpcf7-form-control-wrap\" data-name=\"adresse\"><input size=\"40\" maxlength=\"400\" class=\"wpcf7-form-control wpcf7-text\" aria-invalid=\"false\" value=\"\" type=\"text\" name=\"adresse\" \/><\/span><\/label>\n<\/p>\n<p><label> Ville ou village \/\u00a0City, town or village<br \/>\n<span class=\"wpcf7-form-control-wrap\" data-name=\"Villeouvillage\"><input size=\"40\" maxlength=\"400\" class=\"wpcf7-form-control wpcf7-text\" aria-invalid=\"false\" value=\"\" type=\"text\" name=\"Villeouvillage\" \/><\/span><\/label>\n<\/p>\n<p><label> Comt\u00e9 \/ County<br \/>\n<span class=\"wpcf7-form-control-wrap\" data-name=\"comte-990\"><select class=\"wpcf7-form-control wpcf7-select\" aria-invalid=\"false\" name=\"comte-990\"><option value=\"\">&#8212;Please choose an option&#8212;<\/option><option value=\"Comt\u00e9 d&#039;Annapolis \/ Annapolis County\">Comt\u00e9 d&#039;Annapolis \/ Annapolis County<\/option><option value=\"Comt\u00e9 d&#039;Antigonish \/ Antigonish County\">Comt\u00e9 d&#039;Antigonish \/ Antigonish County<\/option><option value=\"Comt\u00e9 d&#039;Halifax \/ Halifax County\">Comt\u00e9 d&#039;Halifax \/ Halifax County<\/option><option value=\"Comt\u00e9 d&#039;Inverness \/ Inverness County\">Comt\u00e9 d&#039;Inverness \/ Inverness County<\/option><option value=\"Comt\u00e9 de Cap-Breton \/ Cape Breton County\">Comt\u00e9 de Cap-Breton \/ Cape Breton County<\/option><option value=\"Comt\u00e9 de Colchester \/ Colchester County\">Comt\u00e9 de Colchester \/ Colchester County<\/option><option value=\"Comt\u00e9 de Cumberland \/ Cumberland County\">Comt\u00e9 de Cumberland \/ Cumberland County<\/option><option value=\"Comt\u00e9 de Digby \/ Digby County\">Comt\u00e9 de Digby \/ Digby County<\/option><option value=\"Comt\u00e9 de Guysborough \/ Guysborough County\">Comt\u00e9 de Guysborough \/ Guysborough County<\/option><option value=\"Comt\u00e9 de Hants \/ Hants County\">Comt\u00e9 de Hants \/ Hants County<\/option><option value=\"Comt\u00e9 de Kings \/ Kings County\">Comt\u00e9 de Kings \/ Kings County<\/option><option value=\"Comt\u00e9 de Lunenburg \/ Lunenburg County\">Comt\u00e9 de Lunenburg \/ Lunenburg County<\/option><option value=\"Comt\u00e9 de Pictou \/ Pictou County\">Comt\u00e9 de Pictou \/ Pictou County<\/option><option value=\"Comt\u00e9 de Queens \/ Queens County\">Comt\u00e9 de Queens \/ Queens County<\/option><option value=\"Comt\u00e9 de Richmond \/ Richmond County\">Comt\u00e9 de Richmond \/ Richmond County<\/option><option value=\"Comt\u00e9 de Shelburne \/ Shelburne County\">Comt\u00e9 de Shelburne \/ Shelburne County<\/option><option value=\"Comt\u00e9 de Victoria \/ Victoria County\">Comt\u00e9 de Victoria \/ Victoria County<\/option><option value=\"Comt\u00e9 de Yarmouth \/ Yarmouth County\">Comt\u00e9 de Yarmouth \/ Yarmouth County<\/option><\/select><\/span><\/label>\n<\/p>\n<p><label> T\u00e9l\u00e9phone \/\u00a0Telephone<br \/>\n<span class=\"wpcf7-form-control-wrap\" data-name=\"tel-173\"><input size=\"40\" maxlength=\"400\" class=\"wpcf7-form-control wpcf7-tel wpcf7-text wpcf7-validates-as-tel\" aria-invalid=\"false\" value=\"\" type=\"tel\" name=\"tel-173\" \/><\/span><\/label>\n<\/p>\n<p><label> Adresse courriel \/ Email Address<br \/>\n<span class=\"wpcf7-form-control-wrap\" data-name=\"courriel-prof\"><input size=\"40\" maxlength=\"400\" class=\"wpcf7-form-control wpcf7-email wpcf7-text wpcf7-validates-as-email\" aria-invalid=\"false\" value=\"\" type=\"email\" name=\"courriel-prof\" \/><\/span><\/label>\n<\/p>\n<p><label> Site Web \/\u00a0Website<br \/>\n<span class=\"wpcf7-form-control-wrap\" data-name=\"url-646\"><input size=\"40\" maxlength=\"400\" class=\"wpcf7-form-control wpcf7-url wpcf7-text wpcf7-validates-as-url\" aria-invalid=\"false\" value=\"\" type=\"url\" name=\"url-646\" \/><\/span><\/label>\n<\/p>\n<p><label> Informations compl\u00e9mentaires \/ Additional information<br \/>\n<span class=\"wpcf7-form-control-wrap\" data-name=\"your-message\"><textarea cols=\"40\" rows=\"10\" maxlength=\"2000\" class=\"wpcf7-form-control wpcf7-textarea\" aria-invalid=\"false\" name=\"your-message\"><\/textarea><\/span> <\/label>\n<\/p>\n<p><div id=\"cf7sr-69e474d0cbdaf\" class=\"cf7sr-g-turnstile\" data-theme=\"auto\" data-language=\"fr-CA\" data-size=\"normal\" data-appearance=\"always\" data-sitekey=\"0x4AAAAAACpPrY12g6KhhB91\"><\/div><span class=\"wpcf7-form-control-wrap cf7sr-turnstile\" data-name=\"cf7sr-turnstile\"><input type=\"hidden\" name=\"cf7sr-turnstile\" value=\"\" class=\"wpcf7-form-control\"><\/span>\n<\/p>\n<p><input class=\"wpcf7-form-control wpcf7-submit has-spinner\" type=\"submit\" value=\"Envoyer \/ Send\" \/>\n<\/p><div class=\"wpcf7-response-output\" aria-hidden=\"true\"><\/div>\n<\/form>\n<\/div>\n\n","protected":false},"excerpt":{"rendered":"<p>R\u00e9f\u00e9rez-nous un ou une professionnel(le) de la sant\u00e9 \/ Refer a health professional Veuillez remplir et soumettre le formulaire ci-dessous pour nous r\u00e9f\u00e9rer un ou une professionnel(le) de la sant\u00e9 en Nouvelle-\u00c9cosse qui parle fran\u00e7ais. Notez que les soumissions seront v\u00e9rifi\u00e9es par le R\u00e9seau Sant\u00e9 avant d&rsquo;\u00eatre publi\u00e9es dans le r\u00e9pertoire. Si vous \u00eates professionnel &hellip; <\/p>\n<p class=\"link-more\"><a href=\"https:\/\/reseausantene.ca\/repertoire\/referez\/\" class=\"more-link\">Continuer la lecture<span class=\"screen-reader-text\"> de &laquo;  &raquo;<\/span><\/a><\/p>\n","protected":false},"author":3,"featured_media":0,"parent":0,"menu_order":0,"comment_status":"closed","ping_status":"closed","template":"","meta":{"footnotes":""},"class_list":["post-458","page","type-page","status-publish","hentry","entry"],"_links":{"self":[{"href":"https:\/\/reseausantene.ca\/repertoire\/wp-json\/wp\/v2\/pages\/458","targetHints":{"allow":["GET"]}}],"collection":[{"href":"https:\/\/reseausantene.ca\/repertoire\/wp-json\/wp\/v2\/pages"}],"about":[{"href":"https:\/\/reseausantene.ca\/repertoire\/wp-json\/wp\/v2\/types\/page"}],"author":[{"embeddable":true,"href":"https:\/\/reseausantene.ca\/repertoire\/wp-json\/wp\/v2\/users\/3"}],"replies":[{"embeddable":true,"href":"https:\/\/reseausantene.ca\/repertoire\/wp-json\/wp\/v2\/comments?post=458"}],"version-history":[{"count":11,"href":"https:\/\/reseausantene.ca\/repertoire\/wp-json\/wp\/v2\/pages\/458\/revisions"}],"predecessor-version":[{"id":2135,"href":"https:\/\/reseausantene.ca\/repertoire\/wp-json\/wp\/v2\/pages\/458\/revisions\/2135"}],"wp:attachment":[{"href":"https:\/\/reseausantene.ca\/repertoire\/wp-json\/wp\/v2\/media?parent=458"}],"curies":[{"name":"wp","href":"https:\/\/api.w.org\/{rel}","templated":true}]}}