{"id":442,"date":"2019-08-19T14:07:01","date_gmt":"2019-08-19T14:07:01","guid":{"rendered":"http:\/\/www.www.reseausantene.ca\/repertoire\/?page_id=442"},"modified":"2019-09-20T03:04:33","modified_gmt":"2019-09-20T03:04:33","slug":"categories","status":"publish","type":"page","link":"https:\/\/reseausantene.ca\/repertoire\/categories\/","title":{"rendered":""},"content":{"rendered":"\n<h2 class=\"wp-block-heading\">Professions et r\u00e9gions \/ Professions and regions<\/h2>\n\n\n\n<p>En plus de la fonction de <a href=\"https:\/\/reseausantene.ca\/repertoire\/\">recherche<\/a>, vous pouvez naviguer le r\u00e9pertoire par profession, r\u00e9gion ou comt\u00e9. Cliquez sur une des cat\u00e9gories ci-dessous pour consulter les options.<\/p>\n\n\n\n<p><em>In addition to the <a href=\"https:\/\/reseausantene.ca\/repertoire\/\">search<\/a> function, you can browse the directory by profession, region or county. Click on one of the categories below for the options.<\/em><\/p>\n\n\n\n<section id=\"shortcodes-ultimate-2\" class=\"widget shortcodes-ultimate amr_widget\"><div class=\"textwidget\"><div class=\"su-spoiler su-spoiler-style-fancy su-spoiler-icon-plus-circle my-spoiler su-spoiler-closed\" data-scroll-offset=\"0\" data-anchor-in-url=\"no\"><div class=\"su-spoiler-title\" tabindex=\"0\" role=\"button\"><span class=\"su-spoiler-icon\"><\/span>Professions<\/div><div class=\"su-spoiler-content su-u-clearfix su-u-trim\"><ul style=\"font-size:80%;\">\r\n<li><a href=\"https:\/\/reseausantene.ca\/repertoire\/business-category\/acupuncteurs-acupuncturists\/\">Acupuncteurs \/ Acupuncturists<\/a><\/li>\r\n<li><a href=\"https:\/\/reseausantene.ca\/repertoire\/business-category\/aides-en-soins-continus-continuing-care-assistants\/\">Aides en soins continus \/ Continuing Care Assistants<\/a><\/li>\r\n<li><a href=\"https:\/\/reseausantene.ca\/repertoire\/7226-2\/business-category\/art-therapeutes-art-therapists\/\">Art-th\u00e9rapeutes \/ Art Therapists<\/a><\/li>\r\n<li><a href=\"https:\/\/reseausantene.ca\/repertoire\/business-category\/assistants-dentaires-dental-assistants\/\">Assistants dentaires \/ Dental Assistants<\/a><\/li>\r\n<li><a href=\"https:\/\/reseausantene.ca\/repertoire\/business-category\/autres-professions-medicales-other-medical-professions\/\">Autres professions m\u00e9dicales \/ Other Medical Professions<\/a><\/li>\r\n<li><a href=\"https:\/\/reseausantene.ca\/repertoire\/business-category\/autres-professions-non-medicales-other-non-medical-professions\/\">Autres professions non m\u00e9dicales \/ Other Non-medical Professions<\/a><\/li>\r\n<li><a href=\"https:\/\/reseausantene.ca\/repertoire\/business-category\/autres-professions-para-medicales-other-paramedical-professions\/\">Autres professions para-m\u00e9dicales \/ Other Paramedical Professions<\/a><\/li>\r\n<li><a href=\"https:\/\/reseausantene.ca\/repertoire\/business-category\/chiropraticiens-chiropractor\/\">Chiropraticiens \/ Chiropractor<\/a><\/li>\r\n<li><a href=\"https:\/\/reseausantene.ca\/repertoire\/business-category\/consultants-consultants\/\">Consultants \/ Consultants<\/a><\/li>\r\n<li><a href=\"https:\/\/reseausantene.ca\/repertoire\/business-category\/dentistes-dentists\/\">Dentistes \/ Dentists<\/a><\/li>\r\n<li><a href=\"https:\/\/reseausantene.ca\/repertoire\/business-category\/denturologistes-denturists\/\">Denturologistes \/ Denturists<\/a><\/li>\r\n<li><a href=\"https:\/\/reseausantene.ca\/repertoire\/business-category\/dietetistes-et-nutritionnistes-dieticians-and-nutritionists\/\">Di\u00e9t\u00e9tistes et nutritionnistes \/ Dieticians and Nutritionists<\/a><\/li>\r\n<li><a href=\"https:\/\/reseausantene.ca\/repertoire\/business-category\/ergotherapeutes-occupational-therapists\/\">Ergoth\u00e9rapeutes \/ Occupational Therapists<\/a><\/li>\r\n<li><a href=\"https:\/\/reseausantene.ca\/repertoire\/business-category\/etablissement-de-sante-health-facility-or-provider\/\">\u00c9tablissement de sant\u00e9 \/ Health Facility or Provider<\/a><\/li>\r\n<li><a href=\"https:\/\/reseausantene.ca\/repertoire\/business-category\/gestionnaires-et-administrateurs-managers-and-administrators\/\">Gestionnaires et administrateurs \/ Managers and Administrators<\/a><\/li>\r\n<li><a href=\"https:\/\/reseausantene.ca\/repertoire\/business-category\/hygienistes-dentaires-dental-hygienists\/\">Hygi\u00e9nistes dentaires \/ Dental hygienists<\/a><\/li>\r\n<li><a href=\"https:\/\/reseausantene.ca\/repertoire\/business-category\/intervenantes-soutien-au-comportement-behavioural-support-workers\/\">Intervenant(e)s soutien au comportement \/ Behavioural Support Workers<\/a><\/li>\r\n<li><a href=\"https:\/\/reseausantene.ca\/repertoire\/business-category\/massotherapeutes-massage-therapists\/\">Massoth\u00e9rapeutes \/ Massage Therapists<\/a><\/li>\r\n<li><a href=\"https:\/\/reseausantene.ca\/repertoire\/business-category\/medecins-medical-doctors\/\">M\u00e9decins \/ Medical Doctors<\/a><\/li>\r\n<li><a href=\"https:\/\/reseausantene.ca\/repertoire\/business-category\/medecins-de-famille-et-medecins-generalistes-family-doctors-and-general-practitioners\/\">M\u00e9decins de famille et m\u00e9decins g\u00e9n\u00e9ralistes \/ Family Doctors and General Practitioners<\/a><\/li>\r\n<li><a href=\"https:\/\/reseausantene.ca\/repertoire\/business-category\/medecins-specialistes-specialist-doctors\/\">M\u00e9decins sp\u00e9cialistes \/ Specialist Doctors<\/a><\/li>\r\n<li><a href=\"https:\/\/reseausantene.ca\/repertoire\/business-category\/optometristes-optometrists\/\">Optom\u00e9tristes \/ Optometrists<\/a><\/li>\r\n<li><a href=\"https:\/\/reseausantene.ca\/repertoire\/business-category\/orthophonistes-speech-language-pathologists\/\">Orthophonistes \/ Speech Language Pathologists<\/a><\/li>\r\n<li><a href=\"https:\/\/reseausantene.ca\/repertoire\/business-category\/osteopathes-osteopath\/\">Ost\u00e9opathes \/ Osteopath<\/a><\/li>\r\n<li><a href=\"https:\/\/reseausantene.ca\/repertoire\/business-category\/personnel-infirmier-autorise-registered-nurses\/\">Personnel infirmier autoris\u00e9 \/ Registered Nurses<\/a><\/li>\r\n<li><a href=\"https:\/\/reseausantene.ca\/repertoire\/business-category\/personnel-infirmier-auxiliaire-autorise-licensed-practical-nurse\/\">Personnel infirmier auxiliaire autoris\u00e9 \/ Licensed Practical Nurse<\/a><\/li>\r\n<li><a href=\"https:\/\/reseausantene.ca\/repertoire\/business-category\/pharmaciens-pharmacists\/\">Pharmaciens \/ Pharmacists<\/a><\/li>\r\n<li><a href=\"https:\/\/reseausantene.ca\/repertoire\/business-category\/physiotherapeutes-physiotherapists\/\">Physioth\u00e9rapeutes \/ Physiotherapists<\/li>\r\n<li><a href=\"https:\/\/reseausantene.ca\/repertoire\/business-category\/professions-paramedicales-paramedical-professions\/\">Professions param\u00e9dicales \/ Paramedical Professions<\/a><\/li>\r\n<li><a href=\"https:\/\/reseausantene.ca\/repertoire\/business-category\/psychiatres-psychiatrists\/\">Psychiatres \/ Psychiatrists<\/a><\/li>\r\n<li><a href=\"https:\/\/reseausantene.ca\/repertoire\/business-category\/psychologues-psychotherapeutes\/\">Psychologues et psychoth\u00e9rapeutes \/ Psychologists and Psychotherapists<\/a><\/li>\r\n<li><a href=\"https:\/\/reseausantene.ca\/repertoire\/business-category\/sages-femmes-midwives\/\">Sages femmes \/ Midwives<\/a><\/li>\r\n<li><a href=\"https:\/\/reseausantene.ca\/repertoire\/business-category\/soutien-professionnel-ou-administratif-professional-or-administrative-support\/\">Soutien professionnel ou administratif \/ Professional or Administrative Support<\/a><\/li>\r\n<li><a href=\"https:\/\/reseausantene.ca\/repertoire\/business-category\/travailleurs-sociaux-social-workers\/\">Travailleurs sociaux \/ Social Workers<\/a><\/li><\/ul><\/div><\/div><\/div><\/section>\n\n\n\n<section id=\"shortcodes-ultimate-3\" class=\"widget shortcodes-ultimate amr_widget\"><div class=\"textwidget\"><div class=\"su-spoiler su-spoiler-style-fancy su-spoiler-icon-plus-circle my-spoiler su-spoiler-closed\" data-scroll-offset=\"0\" data-anchor-in-url=\"no\"><div class=\"su-spoiler-title\" tabindex=\"0\" role=\"button\"><span class=\"su-spoiler-icon\"><\/span>R\u00e9gions et comt\u00e9s \/ Regions and Counties<\/div><div class=\"su-spoiler-content su-u-clearfix su-u-trim\">\r\n<p style=\"font-size:80%;\"><strong><a href=\"https:\/\/reseausantene.ca\/repertoire\/recherche\/?w2dc_action=search&#038;controller=listings_controller&#038;include_categories_children=1&#038;directories=1&#038;categories=0&#038;categories_text=&#038;what_search=&#038;location_id=106&#038;location_id_text=Nord-Est+%2F+Northeast%2C+Nouvelle-%C3%89cosse+%2F+Nova+Scotia%2C+Nord-Est+%2F+Northeast&#038;address=Nord-Est+%2F+Northeast&#038;submit=\">Nord-Est \/ Northeast<\/a><\/p>\r\n<ul style=\"font-size:80%;\"><\/strong>\r\n<li><a href=\"https:\/\/reseausantene.ca\/repertoire\/recherche\/?w2dc_action=search&#038;controller=listings_controller&#038;include_categories_children=1&#038;directories=1&#038;categories=0&#038;categories_text=&#038;what_search=&#038;location_id=90&#038;location_id_text=Comt%C3%A9+d%27Antigonish+%2F+Antigonish+County%2C+Nouvelle-%C3%89cosse+%2F+Nova+Scotia%2C+Nord-Est+%2F+Northeast%2C+Comt%C3%A9+d%27Antigonish+%2F+Antigonish+County&#038;address=Comt%C3%A9+d%27Antigonish+%2F+Antigonish+County&#038;submit=\">Comt\u00e9 d&rsquo;Antigonish \/ Antigonish County<\/a><\/li>\r\n<li><a href=\"https:\/\/reseausantene.ca\/repertoire\/recherche\/?w2dc_action=search&#038;controller=listings_controller&#038;include_categories_children=1&#038;directories=1&#038;categories=0&#038;categories_text=&#038;what_search=&#038;location_id=97&#038;location_id_text=Comt%C3%A9+d%27Inverness+%2F+Inverness+County%2C+Nouvelle-%C3%89cosse+%2F+Nova+Scotia%2C+Nord-Est+%2F+Northeast%2C+Comt%C3%A9+d%27Inverness+%2F+Inverness+County&#038;address=Comt%C3%A9+d%27Inverness+%2F+Inverness+County&#038;submit=\">Comt\u00e9 d&rsquo;Inverness \/ Inverness County<\/a><\/li>\r\n<li><a href=\"https:\/\/reseausantene.ca\/repertoire\/recherche\/?w2dc_action=search&#038;controller=listings_controller&#038;include_categories_children=1&#038;directories=1&#038;categories=0&#038;categories_text=&#038;what_search=&#038;location_id=99&#038;location_id_text=Comt%C3%A9+de+Cap-Breton+%2F+Cape+Breton+County%2C+Nouvelle-%C3%89cosse+%2F+Nova+Scotia%2C+Nord-Est+%2F+Northeast%2C+Comt%C3%A9+de+Cap-Breton+%2F+Cape+Breton+County&#038;address=Comt%C3%A9+de+Cap-Breton+%2F+Cape+Breton+County&#038;submit=9\">Comt\u00e9 de Cap-Breton \/ Cape Breton County<\/a><\/li>\r\n<li><a href=\"https:\/\/reseausantene.ca\/repertoire\/recherche\/?w2dc_action=search&#038;controller=listings_controller&#038;include_categories_children=1&#038;directories=1&#038;categories=0&#038;categories_text=&#038;what_search=&#038;location_id=101&#038;location_id_text=Comt%C3%A9+de+Guysborough+%2F+Guysborough+County%2C+Nouvelle-%C3%89cosse+%2F+Nova+Scotia%2C+Nord-Est+%2F+Northeast%2C+Comt%C3%A9+de+Guysborough+%2F+Guysborough+County&#038;address=Comt%C3%A9+de+Guysborough+%2F+Guysborough+County&#038;submit=\">Comt\u00e9 de Guysborough \/ Guysborough County<\/a><\/li>\r\n<li><a href=\"https:\/\/reseausantene.ca\/repertoire\/recherche\/?w2dc_action=search&#038;controller=listings_controller&#038;include_categories_children=1&#038;directories=1&#038;categories=0&#038;categories_text=&#038;what_search=&#038;location_id=98&#038;location_id_text=Comt%C3%A9+de+Pictou+%2F+Pictou+County%2C+Nouvelle-%C3%89cosse+%2F+Nova+Scotia%2C+Nord-Est+%2F+Northeast%2C+Comt%C3%A9+de+Pictou+%2F+Pictou+County&#038;address=Comt%C3%A9+de+Pictou+%2F+Pictou+County&#038;submit=\">Comt\u00e9 de Pictou \/ Pictou County<\/a><\/li>\r\n<li><a href=\"https:\/\/reseausantene.ca\/repertoire\/recherche\/?w2dc_action=search&#038;controller=listings_controller&#038;include_categories_children=1&#038;directories=1&#038;categories=0&#038;categories_text=&#038;what_search=&#038;location_id=95&#038;location_id_text=Comt%C3%A9+de+Richmond+%2F+Richmond+County%2C+Nouvelle-%C3%89cosse+%2F+Nova+Scotia%2C+Nord-Est+%2F+Northeast%2C+Comt%C3%A9+de+Richmond+%2F+Richmond+County&#038;address=Comt%C3%A9+de+Richmond+%2F+Richmond+County&#038;submit=\">Comt\u00e9 de Richmond \/ Richmond County<\/a><\/li>\r\n<li><a href=\"https:\/\/reseausantene.ca\/repertoire\/recherche\/?w2dc_action=search&#038;controller=listings_controller&#038;include_categories_children=1&#038;directories=1&#038;categories=0&#038;categories_text=&#038;what_search=&#038;location_id=108&#038;location_id_text=Comt%C3%A9+de+Victoria+%2F+Victoria+County%2C+Nouvelle-%C3%89cosse+%2F+Nova+Scotia%2C+Nord-Est+%2F+Northeast%2C+Comt%C3%A9+de+Victoria+%2F+Victoria+County&#038;address=Comt%C3%A9+de+Victoria+%2F+Victoria+County&#038;submit=\">Comt\u00e9 de Victoria \/ Victoria County<\/a><\/li><\/ul>\r\n\r\n<p style=\"font-size:80%;\"><strong><a href=\"https:\/\/reseausantene.ca\/repertoire\/recherche\/?w2dc_action=search&#038;controller=listings_controller&#038;include_categories_children=1&#038;directories=1&#038;categories=0&#038;categories_text=&#038;what_search=&#038;location_id=105&#038;location_id_text=R%C3%A9gion+Centrale+%2F+Central+Region%2C+Nouvelle-%C3%89cosse+%2F+Nova+Scotia%2C+R%C3%A9gion+Centrale+%2F+Central+Region&#038;address=R%C3%A9gion+Centrale+%2F+Central+Region&#038;submit=\">R\u00e9gion Centrale \/ Central Region<\/a><\/strong><\/p>\r\n<ul style=\"font-size:80%;\">\r\n<li><a href=\"https:\/\/reseausantene.ca\/repertoire\/recherche\/?w2dc_action=search&#038;controller=listings_controller&#038;include_categories_children=1&#038;directories=1&#038;categories=0&#038;categories_text=&#038;what_search=&#038;location_id=63&#038;location_id_text=Comt%C3%A9+d%27Annapolis+%2F+Annapolis+County%2C+Nouvelle-%C3%89cosse+%2F+Nova+Scotia%2C+R%C3%A9gion+Centrale+%2F+Central+Region%2C+Comt%C3%A9+d%27Annapolis+%2F+Annapolis+County&#038;address=Comt%C3%A9+d%27Annapolis+%2F+Annapolis+County&#038;submit=\">Comt\u00e9 d&rsquo;Annapolis \/ Annapolis County<\/a><\/li>\r\n<li><a href=\"https:\/\/reseausantene.ca\/repertoire\/recherche\/?w2dc_action=search&#038;controller=listings_controller&#038;include_categories_children=1&#038;directories=1&#038;categories=0&#038;categories_text=&#038;what_search=&#038;location_id=55&#038;location_id_text=Comt%C3%A9+d%27Halifax+%2F+Halifax+County%2C+Nouvelle-%C3%89cosse+%2F+Nova+Scotia%2C+R%C3%A9gion+Centrale+%2F+Central+Region%2C+Comt%C3%A9+d%27Halifax+%2F+Halifax+County&#038;address=Comt%C3%A9+d%27Halifax+%2F+Halifax+County&#038;submit=\">Comt\u00e9 d&rsquo;Halifax \/ Halifax County<\/a><\/li>\r\n<li><a href=\"https:\/\/reseausantene.ca\/repertoire\/recherche\/?w2dc_action=search&#038;controller=listings_controller&#038;include_categories_children=1&#038;directories=1&#038;categories=0&#038;categories_text=&#038;what_search=&#038;location_id=61&#038;location_id_text=Comt%C3%A9+de+Colchester+%2F+Colchester+County%2C+Nouvelle-%C3%89cosse+%2F+Nova+Scotia%2C+R%C3%A9gion+Centrale+%2F+Central+Region%2C+Comt%C3%A9+de+Colchester+%2F+Colchester+County&#038;address=Comt%C3%A9+de+Colchester+%2F+Colchester+County&#038;submit=\">Comt\u00e9 de Colchester \/ Colchester County<\/a><\/li>\r\n<li><a href=\"https:\/\/reseausantene.ca\/repertoire\/recherche\/?w2dc_action=search&#038;controller=listings_controller&#038;include_categories_children=1&#038;directories=1&#038;categories=0&#038;categories_text=&#038;what_search=&#038;location_id=62&#038;location_id_text=Comt%C3%A9+de+Cumberland+%2F%C2%A0Cumberland+County%2C+Nouvelle-%C3%89cosse+%2F+Nova+Scotia%2C+R%C3%A9gion+Centrale+%2F+Central+Region%2C+Comt%C3%A9+de+Cumberland+%2F%C2%A0Cumberland+County&#038;address=Comt%C3%A9+de+Cumberland+%2F%C2%A0Cumberland+County&#038;submit=\">Comt\u00e9 de Cumberland \/\u00a0Cumberland County<\/a><\/li>\r\n<li><a href=\"https:\/\/reseausantene.ca\/repertoire\/recherche\/?w2dc_action=search&#038;controller=listings_controller&#038;include_categories_children=1&#038;directories=1&#038;categories=0&#038;categories_text=&#038;what_search=&#038;location_id=87&#038;location_id_text=Comt%C3%A9+de+Hants+%2F%C2%A0Hants+County%2C+Nouvelle-%C3%89cosse+%2F+Nova+Scotia%2C+R%C3%A9gion+Centrale+%2F+Central+Region%2C+Comt%C3%A9+de+Hants+%2F%C2%A0Hants+County&#038;address=Comt%C3%A9+de+Hants+%2F%C2%A0Hants+County&#038;submit=\">Comt\u00e9 de Hants \/\u00a0Hants County<\/a><\/li>\r\n<li><a href=\"https:\/\/reseausantene.ca\/repertoire\/recherche\/?w2dc_action=search&#038;controller=listings_controller&#038;include_categories_children=1&#038;directories=1&#038;categories=0&#038;categories_text=&#038;what_search=&#038;location_id=60&#038;location_id_text=Comt%C3%A9+de+Kings+%2F+Kings+County%2C+Nouvelle-%C3%89cosse+%2F+Nova+Scotia%2C+R%C3%A9gion+Centrale+%2F+Central+Region%2C+Comt%C3%A9+de+Kings+%2F+Kings+County&#038;address=Comt%C3%A9+de+Kings+%2F+Kings+County&#038;submit=\">Comt\u00e9 de Kings \/ Kings County<\/a><\/li>\r\n<li><a href=\"https:\/\/reseausantene.ca\/repertoire\/recherche\/?w2dc_action=search&#038;controller=listings_controller&#038;include_categories_children=1&#038;directories=1&#038;categories=0&#038;categories_text=&#038;what_search=&#038;location_id=71&#038;location_id_text=Comt%C3%A9+de+Lunenburg+%2F%C2%A0Lunenburg+County%2C+Nouvelle-%C3%89cosse+%2F+Nova+Scotia%2C+R%C3%A9gion+Centrale+%2F+Central+Region%2C+Comt%C3%A9+de+Lunenburg+%2F%C2%A0Lunenburg+County&#038;address=Comt%C3%A9+de+Lunenburg+%2F%C2%A0Lunenburg+County&#038;submit=\">Comt\u00e9 de Lunenburg \/\u00a0Lunenburg County<\/a><\/li>\r\n<\/ul>\r\n\r\n<p style=\"font-size:80%;\"><strong><a href=\"https:\/\/reseausantene.ca\/repertoire\/recherche\/?w2dc_action=search&#038;controller=listings_controller&#038;include_categories_children=1&#038;directories=1&#038;categories=0&#038;categories_text=&#038;what_search=&#038;location_id=107&#038;location_id_text=Sud-Ouest+%2F+Southwest%2C+Nouvelle-%C3%89cosse+%2F+Nova+Scotia%2C+Sud-Ouest+%2F+Southwest&#038;address=Sud-Ouest+%2F+Southwest&#038;submit=\">Sud-Ouest \/ Southwest<\/a><\/strong><\/p>\r\n<ul style=\"font-size:80%;\">\r\n<li><a href=\"https:\/\/reseausantene.ca\/repertoire\/recherche\/?w2dc_action=search&#038;controller=listings_controller&#038;include_categories_children=1&#038;directories=1&#038;categories=0&#038;categories_text=&#038;what_search=&#038;location_id=73&#038;location_id_text=Comt%C3%A9+de+Digby+%2F+Digby+County%2C+Nouvelle-%C3%89cosse+%2F+Nova+Scotia%2C+Sud-Ouest+%2F+Southwest%2C+Comt%C3%A9+de+Digby+%2F+Digby+County&#038;address=Comt%C3%A9+de+Digby+%2F+Digby+County&#038;submit=\">Comt\u00e9 de Digby \/ Digby County<\/a><\/li>\r\n<li><a href=\"https:\/\/reseausantene.ca\/repertoire\/recherche\/?w2dc_action=search&#038;controller=listings_controller&#038;include_categories_children=1&#038;directories=1&#038;categories=0&#038;categories_text=&#038;what_search=&#038;location_id=80&#038;location_id_text=Comt%C3%A9+de+Queens+%2F+Queens+County%2C+Nouvelle-%C3%89cosse+%2F+Nova+Scotia%2C+Sud-Ouest+%2F+Southwest%2C+Comt%C3%A9+de+Queens+%2F+Queens+County&#038;address=Comt%C3%A9+de+Queens+%2F+Queens+County&#038;submit=\">Comt\u00e9 de Queens \/ Queens County<\/a><\/li>\r\n<li><a href=\"https:\/\/reseausantene.ca\/repertoire\/recherche\/?w2dc_action=search&#038;controller=listings_controller&#038;include_categories_children=1&#038;directories=1&#038;categories=0&#038;categories_text=&#038;what_search=&#038;location_id=102&#038;location_id_text=Comt%C3%A9+de+Shelburne+%2F+Shelburne+County%2C+Nouvelle-%C3%89cosse+%2F+Nova+Scotia%2C+Sud-Ouest+%2F+Southwest%2C+Comt%C3%A9+de+Shelburne+%2F+Shelburne+County&#038;address=Comt%C3%A9+de+Shelburne+%2F+Shelburne+County&#038;submit=\">Comt\u00e9 de Shelburne \/ Shelburne County<\/a><\/li>\r\n<li><a href=\"https:\/\/reseausantene.ca\/repertoire\/recherche\/?w2dc_action=search&#038;controller=listings_controller&#038;include_categories_children=1&#038;directories=1&#038;categories=0&#038;categories_text=&#038;what_search=&#038;location_id=88&#038;location_id_text=Comt%C3%A9+de+Yarmouth+%2F%C2%A0Yarmouth+County%2C+Nouvelle-%C3%89cosse+%2F+Nova+Scotia%2C+Sud-Ouest+%2F+Southwest%2C+Comt%C3%A9+de+Yarmouth+%2F%C2%A0Yarmouth+County&#038;address=Comt%C3%A9+de+Yarmouth+%2F%C2%A0Yarmouth+County&#038;submit=\">Comt\u00e9 de Yarmouth \/\u00a0Yarmouth County<\/a><\/li><\/div><\/div><\/div><\/section>\n\n\n\n<p><font color=\"#191e23\"><span style=\"background-color: rgb(232, 234, 235);\"><\/span><\/font><\/p>\n","protected":false},"excerpt":{"rendered":"<p>Professions et r\u00e9gions \/ Professions and regions En plus de la fonction de recherche, vous pouvez naviguer le r\u00e9pertoire par profession, r\u00e9gion ou comt\u00e9. Cliquez sur une des cat\u00e9gories ci-dessous pour consulter les options. In addition to the search function, you can browse the directory by profession, region or county. Click on one of the &hellip; <\/p>\n<p class=\"link-more\"><a href=\"https:\/\/reseausantene.ca\/repertoire\/categories\/\" class=\"more-link\">Continuer la lecture<span class=\"screen-reader-text\"> de &laquo;  &raquo;<\/span><\/a><\/p>\n","protected":false},"author":3,"featured_media":0,"parent":0,"menu_order":0,"comment_status":"closed","ping_status":"closed","template":"","meta":{"footnotes":""},"class_list":["post-442","page","type-page","status-publish","hentry","entry"],"_links":{"self":[{"href":"https:\/\/reseausantene.ca\/repertoire\/wp-json\/wp\/v2\/pages\/442","targetHints":{"allow":["GET"]}}],"collection":[{"href":"https:\/\/reseausantene.ca\/repertoire\/wp-json\/wp\/v2\/pages"}],"about":[{"href":"https:\/\/reseausantene.ca\/repertoire\/wp-json\/wp\/v2\/types\/page"}],"author":[{"embeddable":true,"href":"https:\/\/reseausantene.ca\/repertoire\/wp-json\/wp\/v2\/users\/3"}],"replies":[{"embeddable":true,"href":"https:\/\/reseausantene.ca\/repertoire\/wp-json\/wp\/v2\/comments?post=442"}],"version-history":[{"count":20,"href":"https:\/\/reseausantene.ca\/repertoire\/wp-json\/wp\/v2\/pages\/442\/revisions"}],"predecessor-version":[{"id":1934,"href":"https:\/\/reseausantene.ca\/repertoire\/wp-json\/wp\/v2\/pages\/442\/revisions\/1934"}],"wp:attachment":[{"href":"https:\/\/reseausantene.ca\/repertoire\/wp-json\/wp\/v2\/media?parent=442"}],"curies":[{"name":"wp","href":"https:\/\/api.w.org\/{rel}","templated":true}]}}