{"id":429,"date":"2019-08-19T04:51:46","date_gmt":"2019-08-19T04:51:46","guid":{"rendered":"http:\/\/www.www.reseausantene.ca\/repertoire\/?page_id=429"},"modified":"2025-06-03T14:48:50","modified_gmt":"2025-06-03T14:48:50","slug":"formulaire-de-contact-contact-form","status":"publish","type":"page","link":"https:\/\/reseausantene.ca\/repertoire\/formulaire-de-contact-contact-form\/","title":{"rendered":""},"content":{"rendered":"\n<h2 class=\"wp-block-heading\">Contactez-nous \/ Contact Us<\/h2>\n\n\n<p>*Champs obligatoires \/\u00a0Required fields<\/p>\n\n<div class=\"wpcf7 no-js\" id=\"wpcf7-f428-o1\" lang=\"fr-CA\" dir=\"ltr\" data-wpcf7-id=\"428\">\n<div class=\"screen-reader-response\"><p role=\"status\" aria-live=\"polite\" aria-atomic=\"true\"><\/p> <ul><\/ul><\/div>\n<form action=\"\/repertoire\/wp-json\/wp\/v2\/pages\/429#wpcf7-f428-o1\" method=\"post\" class=\"wpcf7-form init\" aria-label=\"Contact form\" novalidate=\"novalidate\" data-status=\"init\">\n<fieldset class=\"hidden-fields-container\"><input type=\"hidden\" name=\"_wpcf7\" value=\"428\" \/><input type=\"hidden\" name=\"_wpcf7_version\" value=\"6.1.4\" \/><input type=\"hidden\" name=\"_wpcf7_locale\" value=\"fr_CA\" \/><input type=\"hidden\" name=\"_wpcf7_unit_tag\" value=\"wpcf7-f428-o1\" \/><input type=\"hidden\" name=\"_wpcf7_container_post\" value=\"0\" \/><input type=\"hidden\" name=\"_wpcf7_posted_data_hash\" value=\"\" \/>\n<\/fieldset>\n<p><label> Votre nom* \/ Your name*<br \/>\n<span class=\"wpcf7-form-control-wrap\" data-name=\"your-name\"><input size=\"40\" maxlength=\"400\" class=\"wpcf7-form-control wpcf7-text wpcf7-validates-as-required\" aria-required=\"true\" aria-invalid=\"false\" value=\"\" type=\"text\" name=\"your-name\" \/><\/span> <\/label>\n<\/p>\n<p><label> Votre adresse courriel* \/ Your email address*<br \/>\n<span class=\"wpcf7-form-control-wrap\" data-name=\"your-email\"><input size=\"40\" maxlength=\"400\" class=\"wpcf7-form-control wpcf7-email wpcf7-validates-as-required wpcf7-text wpcf7-validates-as-email\" aria-required=\"true\" aria-invalid=\"false\" value=\"\" type=\"email\" name=\"your-email\" \/><\/span> <\/label>\n<\/p>\n<p><label> Votre num\u00e9ro de t\u00e9l\u00e9phone \/ Your telephone number<br \/>\n<span class=\"wpcf7-form-control-wrap\" data-name=\"tel-595\"><input size=\"40\" maxlength=\"400\" class=\"wpcf7-form-control wpcf7-tel wpcf7-text wpcf7-validates-as-tel\" aria-invalid=\"false\" value=\"\" type=\"tel\" name=\"tel-595\" \/><\/span> <\/label>\n<\/p>\n<p><label> Sujet \/ Subject<br \/>\n<span class=\"wpcf7-form-control-wrap\" data-name=\"your-subject\"><input size=\"40\" maxlength=\"400\" class=\"wpcf7-form-control wpcf7-text\" aria-invalid=\"false\" value=\"\" type=\"text\" name=\"your-subject\" \/><\/span> <\/label>\n<\/p>\n<p><label> Votre message* \/ Your message*<br \/>\n<span class=\"wpcf7-form-control-wrap\" data-name=\"your-message\"><textarea cols=\"40\" rows=\"10\" maxlength=\"2000\" class=\"wpcf7-form-control wpcf7-textarea wpcf7-validates-as-required\" aria-required=\"true\" aria-invalid=\"false\" name=\"your-message\"><\/textarea><\/span> <\/label>\n<\/p>\n<p><div id=\"cf7sr-69e474e7603f3\" class=\"cf7sr-g-turnstile\" data-theme=\"auto\" data-language=\"fr-CA\" data-size=\"normal\" data-appearance=\"always\" data-sitekey=\"0x4AAAAAACpPrY12g6KhhB91\"><\/div><span class=\"wpcf7-form-control-wrap cf7sr-turnstile\" data-name=\"cf7sr-turnstile\"><input type=\"hidden\" name=\"cf7sr-turnstile\" value=\"\" class=\"wpcf7-form-control\"><\/span>\n<\/p>\n<p><input class=\"wpcf7-form-control wpcf7-submit has-spinner\" type=\"submit\" value=\"Envoyer \/ Send\" \/>\n<\/p><div class=\"wpcf7-response-output\" aria-hidden=\"true\"><\/div>\n<\/form>\n<\/div>\n\n","protected":false},"excerpt":{"rendered":"<p>Contactez-nous \/ Contact Us<\/p>\n","protected":false},"author":3,"featured_media":0,"parent":0,"menu_order":0,"comment_status":"closed","ping_status":"closed","template":"","meta":{"footnotes":""},"class_list":["post-429","page","type-page","status-publish","hentry","entry"],"_links":{"self":[{"href":"https:\/\/reseausantene.ca\/repertoire\/wp-json\/wp\/v2\/pages\/429","targetHints":{"allow":["GET"]}}],"collection":[{"href":"https:\/\/reseausantene.ca\/repertoire\/wp-json\/wp\/v2\/pages"}],"about":[{"href":"https:\/\/reseausantene.ca\/repertoire\/wp-json\/wp\/v2\/types\/page"}],"author":[{"embeddable":true,"href":"https:\/\/reseausantene.ca\/repertoire\/wp-json\/wp\/v2\/users\/3"}],"replies":[{"embeddable":true,"href":"https:\/\/reseausantene.ca\/repertoire\/wp-json\/wp\/v2\/comments?post=429"}],"version-history":[{"count":5,"href":"https:\/\/reseausantene.ca\/repertoire\/wp-json\/wp\/v2\/pages\/429\/revisions"}],"predecessor-version":[{"id":8362,"href":"https:\/\/reseausantene.ca\/repertoire\/wp-json\/wp\/v2\/pages\/429\/revisions\/8362"}],"wp:attachment":[{"href":"https:\/\/reseausantene.ca\/repertoire\/wp-json\/wp\/v2\/media?parent=429"}],"curies":[{"name":"wp","href":"https:\/\/api.w.org\/{rel}","templated":true}]}}